{"id":37,"date":"2020-10-15T08:13:05","date_gmt":"2020-10-15T08:13:05","guid":{"rendered":"http:\/\/main-telefon.de\/?page_id=37"},"modified":"2024-06-20T06:27:25","modified_gmt":"2024-06-20T06:27:25","slug":"colibri-wp","status":"publish","type":"page","link":"https:\/\/main-telefon.de\/","title":{"rendered":"Front Page"},"content":{"rendered":"<div data-colibri-id=\"37-c1\" class=\"style-193 style-local-37-c1 position-relative\">\n  <!---->\n  <div data-colibri-component=\"section\" data-colibri-id=\"37-c2\" id=\"overlappable-2\" class=\"h-section h-section-global-spacing d-flex align-items-lg-center align-items-md-center align-items-center style-202 style-local-37-c2 position-relative\">\n    <!---->\n    <!---->\n    <div class=\"h-section-grid-container h-section-boxed-container\">\n      <!---->\n      <div data-colibri-id=\"37-c3\" class=\"h-row-container gutters-row-lg-2 gutters-row-md-0 gutters-row-2 gutters-row-v-lg-2 gutters-row-v-md-0 gutters-row-v-2 style-203 style-local-37-c3 position-relative\">\n        <!---->\n        <div class=\"h-row justify-content-lg-center justify-content-md-center justify-content-center align-items-lg-stretch align-items-md-stretch align-items-stretch gutters-col-lg-2 gutters-col-md-0 gutters-col-2 gutters-col-v-lg-2 gutters-col-v-md-0 gutters-col-v-2\">\n          <!---->\n          <div class=\"h-column h-column-container d-flex h-col-lg-4 h-col-md-4 h-col-12 style-204-outer style-local-37-c4-outer\">\n            <div data-colibri-id=\"37-c4\" class=\"d-flex h-flex-basis h-column__inner h-px-lg-2 h-px-md-3 h-px-2 v-inner-lg-0 v-inner-md-3 v-inner-2 style-204 style-local-37-c4 position-relative\">\n              <!---->\n              <!---->\n              <div class=\"w-100 h-y-container h-column__content h-column__v-align flex-basis-100 align-self-lg-start align-self-md-start align-self-start\">\n                <!---->\n                <div data-colibri-id=\"37-c5\" class=\"h-icon style-205 style-local-37-c5 position-relative h-element\">\n                  <!----><span class=\"h-svg-icon h-icon__icon style-205-icon style-local-37-c5-icon\"><!--Icon by Font Awesome (https:\/\/fontawesome.com)-->\n    <svg version=\"1.1\" xmlns=\"http:\/\/www.w3.org\/2000\/svg\" xmlns:xlink=\"http:\/\/www.w3.org\/1999\/xlink\" id=\"mobile-phone\" viewBox=\"0 0 1056.9019 1896.0833\">\n      <path d=\"M464 1408q0-33-23.5-56.5T384 1328t-56.5 23.5T304 1408t23.5 56.5T384 1488t56.5-23.5T464 1408zm208-160V544q0-13-9.5-22.5T640 512H128q-13 0-22.5 9.5T96 544v704q0 13 9.5 22.5t22.5 9.5h512q13 0 22.5-9.5t9.5-22.5zM480 400q0-16-16-16H304q-16 0-16 16t16 16h160q16 0 16-16zm288-16v1024q0 52-38 90t-90 38H128q-52 0-90-38t-38-90V384q0-52 38-90t90-38h512q52 0 90 38t38 90z\"><\/path>\n    <\/svg><\/span><\/div>\n                <div data-colibri-id=\"37-c6\" class=\"h-global-transition-all h-heading style-206 style-local-37-c6 position-relative h-element\">\n                  <!---->\n                  <div class=\"h-heading__outer style-206 style-local-37-c6\">\n                    <!---->\n                    <!---->\n                    <h5 class=\"\">Mobilfunk<\/h5>\n                  <\/div>\n                <\/div>\n                <div data-colibri-id=\"37-c7\" class=\"h-text h-text-component style-207 style-local-37-c7 position-relative h-element\">\n                  <!---->\n                  <!---->\n                  <div class=\"\">\n                    <p>Als station\u00e4rer Fachhandel arbeiten wir Netzbetreiber unabh\u00e4ngig und helfen dir den f\u00fcr deinen Bedarf besten Tarif zu finden.\n                      <br>\n                    <\/p>\n                  <\/div>\n                <\/div>\n              <\/div>\n            <\/div>\n          <\/div>\n          <div class=\"h-column h-column-container d-flex h-col-lg-4 h-col-md-4 h-col-12 style-204-outer style-local-37-c8-outer\">\n            <div data-colibri-id=\"37-c8\" class=\"d-flex h-flex-basis h-column__inner h-px-lg-2 h-px-md-3 h-px-2 v-inner-lg-0 v-inner-md-3 v-inner-2 style-204 style-local-37-c8 position-relative\">\n              <!---->\n              <!---->\n              <div class=\"w-100 h-y-container h-column__content h-column__v-align flex-basis-100 align-self-lg-start align-self-md-start align-self-start\">\n                <!---->\n                <div data-colibri-id=\"37-c9\" class=\"h-icon style-205 style-local-37-c9 position-relative h-element\">\n                  <!----><span class=\"h-svg-icon h-icon__icon style-205-icon style-local-37-c9-icon\"><!--Icon by Font Awesome (https:\/\/fontawesome.com)-->\n    <svg version=\"1.1\" xmlns=\"http:\/\/www.w3.org\/2000\/svg\" xmlns:xlink=\"http:\/\/www.w3.org\/1999\/xlink\" id=\"wifi\" viewBox=\"0 0 2048 1896.0833\">\n      <path d=\"M1024 1523q-20 0-93-73.5t-73-93.5q0-32 62.5-54t103.5-22 103.5 22 62.5 54q0 20-73 93.5t-93 73.5zm270-271q-2 0-40-25t-101.5-50-128.5-25-128.5 25-101 50-40.5 25q-18 0-93.5-75t-75.5-93q0-13 10-23 78-77 196-121t233-44 233 44 196 121q10 10 10 23 0 18-75.5 93t-93.5 75zm273-272q-11 0-23-8-136-105-252-154.5T1024 768q-85 0-170.5 22t-149 53T591 905t-79 53-31 22q-17 0-92-75t-75-93q0-12 10-22 132-132 320-205t380-73 380 73 320 205q10 10 10 22 0 18-75 93t-92 75zm271-271q-11 0-22-9-179-157-371.5-236.5T1024 384t-420.5 79.5T232 700q-11 9-22 9-17 0-92.5-75T42 541q0-13 10-23 187-186 445-288t527-102 527 102 445 288q10 10 10 23 0 18-75.5 93t-92.5 75z\"><\/path>\n    <\/svg><\/span><\/div>\n                <div data-colibri-id=\"37-c10\" class=\"h-global-transition-all h-heading style-206 style-local-37-c10 position-relative h-element\">\n                  <!---->\n                  <div class=\"h-heading__outer style-206 style-local-37-c10\">\n                    <!---->\n                    <!---->\n                    <h5 class=\"\">Internet Zuhause<\/h5>\n                  <\/div>\n                <\/div>\n                <div data-colibri-id=\"37-c11\" class=\"h-text h-text-component style-207 style-local-37-c11 position-relative h-element\">\n                  <!---->\n                  <!---->\n                  <div class=\"\">\n                    <p>ADSL, VDSL, Kabel, WIFI, wir sortieren die vielen Begriffe f\u00fcr dich und helfen dir bei der Auswahl des richtigen Anbieter.<\/p>\n                    <p>Jetzt NEU -&gt; FTTH (Glasfaser in das Geb\u00e4ude) Ausbau geplant in Kitzingen.\n                      <br>\n                    <\/p>\n                  <\/div>\n                <\/div>\n              <\/div>\n            <\/div>\n          <\/div>\n          <div class=\"h-column h-column-container d-flex h-col-lg-4 h-col-md-4 h-col-12 style-204-outer style-local-37-c12-outer\">\n            <div data-colibri-id=\"37-c12\" class=\"d-flex h-flex-basis h-column__inner h-px-lg-2 h-px-md-3 h-px-2 v-inner-lg-0 v-inner-md-3 v-inner-2 style-204 style-local-37-c12 position-relative\">\n              <!---->\n              <!---->\n              <div class=\"w-100 h-y-container h-column__content h-column__v-align flex-basis-100 align-self-lg-start align-self-md-start align-self-start\">\n                <!---->\n                <div data-colibri-id=\"37-c13\" class=\"h-icon style-205 style-local-37-c13 position-relative h-element\">\n                  <!----><span class=\"h-svg-icon h-icon__icon style-205-icon style-local-37-c13-icon\"><!--Icon by Font Awesome (https:\/\/fontawesome.com)-->\n    <svg version=\"1.1\" xmlns=\"http:\/\/www.w3.org\/2000\/svg\" xmlns:xlink=\"http:\/\/www.w3.org\/1999\/xlink\" id=\"gears\" viewBox=\"0 0 1920 1896.0833\">\n      <path d=\"M896 896q0-106-75-181t-181-75-181 75-75 181 75 181 181 75 181-75 75-181zm768 512q0-52-38-90t-90-38-90 38-38 90q0 53 37.5 90.5t90.5 37.5 90.5-37.5 37.5-90.5zm0-1024q0-52-38-90t-90-38-90 38-38 90q0 53 37.5 90.5T1536 512t90.5-37.5T1664 384zm-384 421v185q0 10-7 19.5t-16 10.5l-155 24q-11 35-32 76 34 48 90 115 7 11 7 20 0 12-7 19-23 30-82.5 89.5T999 1423q-11 0-21-7l-115-90q-37 19-77 31-11 108-23 155-7 24-30 24H547q-11 0-20-7.5t-10-17.5l-23-153q-34-10-75-31l-118 89q-7 7-20 7-11 0-21-8-144-133-144-160 0-9 7-19 10-14 41-53t47-61q-23-44-35-82l-152-24q-10-1-17-9.5T0 987V802q0-10 7-19.5T23 772l155-24q11-35 32-76-34-48-90-115-7-11-7-20 0-12 7-20 22-30 82-89t79-59q11 0 21 7l115 90q34-18 77-32 11-108 23-154 7-24 30-24h186q11 0 20 7.5t10 17.5l23 153q34 10 75 31l118-89q8-7 20-7 11 0 21 8 144 133 144 160 0 8-7 19-12 16-42 54t-45 60q23 48 34 82l152 23q10 2 17 10.5t7 19.5zm640 533v140q0 16-149 31-12 27-30 52 51 113 51 138 0 4-4 7-122 71-124 71-8 0-46-47t-52-68q-20 2-30 2t-30-2q-14 21-52 68t-46 47q-2 0-124-71-4-3-4-7 0-25 51-138-18-25-30-52-149-15-149-31v-140q0-16 149-31 13-29 30-52-51-113-51-138 0-4 4-7 4-2 35-20t59-34 30-16q8 0 46 46.5t52 67.5q20-2 30-2t30 2q51-71 92-112l6-2q4 0 124 70 4 3 4 7 0 25-51 138 17 23 30 52 149 15 149 31zm0-1024v140q0 16-149 31-12 27-30 52 51 113 51 138 0 4-4 7-122 71-124 71-8 0-46-47t-52-68q-20 2-30 2t-30-2q-14 21-52 68t-46 47q-2 0-124-71-4-3-4-7 0-25 51-138-18-25-30-52-149-15-149-31V314q0-16 149-31 13-29 30-52-51-113-51-138 0-4 4-7 4-2 35-20t59-34 30-16q8 0 46 46.5t52 67.5q20-2 30-2t30 2q51-71 92-112l6-2q4 0 124 70 4 3 4 7 0 25-51 138 17 23 30 52 149 15 149 31z\"><\/path>\n    <\/svg><\/span><\/div>\n                <div data-colibri-id=\"37-c14\" class=\"h-global-transition-all h-heading style-206 style-local-37-c14 position-relative h-element\">\n                  <!---->\n                  <div class=\"h-heading__outer style-206 style-local-37-c14\">\n                    <!---->\n                    <!---->\n                    <h5 class=\"\">Smartphone Reparatur<\/h5>\n                  <\/div>\n                <\/div>\n                <div data-colibri-id=\"37-c15\" class=\"h-text h-text-component style-207 style-local-37-c15 position-relative h-element\">\n                  <!---->\n                  <!---->\n                  <div class=\"\">\n                    <p>Ihr Smartphone ist besch\u00e4digt oder defekt?&nbsp;&nbsp;Wir reparieren&nbsp;Smartphone oder Tablet schnell und unkompliziert.\n                      <br>\n                    <\/p>\n                  <\/div>\n                <\/div>\n              <\/div>\n            <\/div>\n          <\/div>\n        <\/div>\n      <\/div>\n    <\/div>\n  <\/div>\n  <div data-colibri-component=\"section\" data-colibri-id=\"37-c16\" id=\"features\" class=\"h-section h-section-global-spacing d-flex align-items-lg-center align-items-md-center align-items-center style-360 style-local-37-c16 position-relative\">\n    <!---->\n    <!---->\n    <div class=\"h-section-grid-container h-section-boxed-container\">\n      <div data-colibri-id=\"37-c30\" class=\"h-row-container gutters-row-lg-2 gutters-row-md-2 gutters-row-0 gutters-row-v-lg-2 gutters-row-v-md-2 gutters-row-v-2 style-368 style-local-37-c30 position-relative\">\n        <!---->\n        <div class=\"h-row justify-content-lg-center justify-content-md-center justify-content-center align-items-lg-stretch align-items-md-stretch align-items-stretch gutters-col-lg-2 gutters-col-md-2 gutters-col-0 gutters-col-v-lg-2 gutters-col-v-md-2 gutters-col-v-2\">\n          <!---->\n          <div class=\"h-column h-column-container d-flex h-col-lg-auto h-col-md-auto h-col-auto style-369-outer style-local-37-c31-outer\">\n            <div data-colibri-id=\"37-c31\" class=\"d-flex h-flex-basis h-column__inner h-px-lg-2 h-px-md-2 h-px-2 v-inner-lg-2 v-inner-md-2 v-inner-2 style-369 style-local-37-c31 position-relative\">\n              <!---->\n              <!---->\n              <div class=\"w-100 h-y-container h-column__content h-column__v-align flex-basis-100 align-self-lg-start align-self-md-start align-self-start\">\n                <!---->\n                <div data-colibri-id=\"37-c32\" class=\"h-global-transition-all h-heading style-370 style-local-37-c32 position-relative h-element\">\n                  <!---->\n                  <div class=\"h-heading__outer style-370 style-local-37-c32\">\n                    <!---->\n                    <!---->\n                    <h2 class=\"\">Wir sind offizieller Partner von<\/h2>\n                  <\/div>\n                <\/div>\n              <\/div>\n            <\/div>\n          <\/div>\n        <\/div>\n      <\/div>\n      <div data-colibri-id=\"37-c17\" class=\"h-row-container gutters-row-lg-2 gutters-row-md-2 gutters-row-2 gutters-row-v-lg-2 gutters-row-v-md-2 gutters-row-v-2 style-361 style-local-37-c17 position-relative\">\n        <!---->\n        <div class=\"h-row justify-content-lg-center justify-content-md-center justify-content-center align-items-lg-stretch align-items-md-stretch align-items-stretch gutters-col-lg-2 gutters-col-md-2 gutters-col-2 gutters-col-v-lg-2 gutters-col-v-md-2 gutters-col-v-2\">\n          <!---->\n          <div class=\"h-column h-column-container d-flex h-col-lg-3 h-col-md-6 h-col-12 style-374-outer style-local-37-c18-outer\">\n            <div data-colibri-id=\"37-c18\" class=\"d-flex h-flex-basis h-column__inner h-px-lg-2 h-px-md-2 h-px-2 v-inner-lg-2 v-inner-md-2 v-inner-2 style-374 style-local-37-c18 position-relative\">\n              <!---->\n              <!---->\n              <div class=\"w-100 h-y-container h-column__content h-column__v-align flex-basis-100 align-self-lg-start align-self-md-start align-self-start\">\n                <!---->\n                <div data-colibri-id=\"37-c19\" class=\"d-block style-375 style-local-37-c19 position-relative h-element\">\n                  <!---->\n                  <div class=\"h-image__frame-container-outer\">\n                    <div class=\"h-image__frame-container\">\n                      <!---->\n                      <!---->\n                      <img loading=\"lazy\" decoding=\"async\" width=\"597\" height=\"312\" src=\"http:\/\/main-telefon.de\/wp-content\/uploads\/2020\/10\/cropped-O2_600-1.jpg\" class=\"wp-image-149 style-375-image style-local-37-c19-image\" alt=\"\" srcset=\"https:\/\/main-telefon.de\/wp-content\/uploads\/2020\/10\/cropped-O2_600-1.jpg 597w, https:\/\/main-telefon.de\/wp-content\/uploads\/2020\/10\/cropped-O2_600-1-300x157.jpg 300w\" sizes=\"auto, (max-width: 597px) 100vw, 597px\" \/>\n                      <div class=\"h-image__frame h-hide-lg h-hide-md h-hide-sm style-375-frameImage style-local-37-c19-frameImage\"><\/div>\n                    <\/div>\n                  <\/div>\n                <\/div>\n              <\/div>\n            <\/div>\n          <\/div>\n          <div class=\"h-column h-column-container d-flex h-col-lg-3 h-col-md-6 h-col-12 style-376-outer style-local-37-c20-outer\">\n            <div data-colibri-id=\"37-c20\" class=\"d-flex h-flex-basis h-column__inner h-px-lg-2 h-px-md-2 h-px-2 v-inner-lg-2 v-inner-md-2 v-inner-2 style-376 style-local-37-c20 position-relative\">\n              <!---->\n              <!---->\n              <div class=\"w-100 h-y-container h-column__content h-column__v-align flex-basis-100 align-self-lg-start align-self-md-start align-self-start\">\n                <!---->\n                <div data-colibri-id=\"37-c21\" class=\"d-block style-377 style-local-37-c21 position-relative h-element\">\n                  <!---->\n                  <div class=\"h-image__frame-container-outer\">\n                    <div class=\"h-image__frame-container\">\n                      <!---->\n                      <!---->\n                      <img loading=\"lazy\" decoding=\"async\" width=\"600\" height=\"315\" src=\"http:\/\/main-telefon.de\/wp-content\/uploads\/2020\/10\/cropped-Vodafone-600-1.png\" class=\"wp-image-150 style-377-image style-local-37-c21-image\" alt=\"\" srcset=\"https:\/\/main-telefon.de\/wp-content\/uploads\/2020\/10\/cropped-Vodafone-600-1.png 600w, https:\/\/main-telefon.de\/wp-content\/uploads\/2020\/10\/cropped-Vodafone-600-1-300x158.png 300w\" sizes=\"auto, (max-width: 600px) 100vw, 600px\" \/>\n                      <div class=\"h-image__frame h-hide-lg h-hide-md h-hide-sm style-377-frameImage style-local-37-c21-frameImage\"><\/div>\n                    <\/div>\n                  <\/div>\n                <\/div>\n              <\/div>\n            <\/div>\n          <\/div>\n          <div class=\"h-column h-column-container d-flex h-col-lg-3 h-col-md-6 h-col-12 style-379-outer style-local-37-c22-outer\">\n            <div data-colibri-id=\"37-c22\" class=\"d-flex h-flex-basis h-column__inner h-px-lg-2 h-px-md-2 h-px-2 v-inner-lg-2 v-inner-md-2 v-inner-2 style-379 style-local-37-c22 position-relative\">\n              <!---->\n              <!---->\n              <div class=\"w-100 h-y-container h-column__content h-column__v-align flex-basis-100 align-self-lg-start align-self-md-start align-self-start\">\n                <!---->\n                <div data-colibri-id=\"37-c23\" class=\"d-block style-380 style-local-37-c23 position-relative h-element\">\n                  <!---->\n                  <div class=\"h-image__frame-container-outer\">\n                    <div class=\"h-image__frame-container\">\n                      <!---->\n                      <!---->\n                      <img loading=\"lazy\" decoding=\"async\" width=\"600\" height=\"315\" src=\"http:\/\/main-telefon.de\/wp-content\/uploads\/2020\/10\/cropped-cropped-Deutsche_Telekom_logo_pink-2-1.png\" class=\"wp-image-431 style-380-image style-local-37-c23-image\" alt=\"\" srcset=\"https:\/\/main-telefon.de\/wp-content\/uploads\/2020\/10\/cropped-cropped-Deutsche_Telekom_logo_pink-2-1.png 600w, https:\/\/main-telefon.de\/wp-content\/uploads\/2020\/10\/cropped-cropped-Deutsche_Telekom_logo_pink-2-1-300x158.png 300w\" sizes=\"auto, (max-width: 600px) 100vw, 600px\" \/>\n                      <div class=\"h-image__frame h-hide-lg h-hide-md h-hide-sm style-380-frameImage style-local-37-c23-frameImage\"><\/div>\n                    <\/div>\n                  <\/div>\n                <\/div>\n              <\/div>\n            <\/div>\n          <\/div>\n          <div class=\"h-column h-column-container d-flex h-col-lg-3 h-col-md-6 h-col-12 style-378-outer style-local-37-c24-outer\">\n            <div data-colibri-id=\"37-c24\" class=\"d-flex h-flex-basis h-column__inner h-px-lg-2 h-px-md-2 h-px-2 v-inner-lg-2 v-inner-md-2 v-inner-2 style-378 style-local-37-c24 position-relative\">\n              <!---->\n              <!---->\n              <div class=\"w-100 h-y-container h-column__content h-column__v-align flex-basis-100 align-self-lg-start align-self-md-start align-self-start\">\n                <!---->\n                <div data-colibri-id=\"37-c25\" class=\"d-block style-381 style-local-37-c25 position-relative h-element\">\n                  <!---->\n                  <div class=\"h-image__frame-container-outer\">\n                    <div class=\"h-image__frame-container\">\n                      <!---->\n                      <!---->\n                      <img decoding=\"async\" src=\"http:\/\/main-telefon.de\/wp-content\/uploads\/2020\/10\/cropped-congstar_Logo_2019.png\" class=\"wp-image-156 style-381-image style-local-37-c25-image\" alt=\"\" \/>\n                      <div class=\"h-image__frame h-hide-lg h-hide-md h-hide-sm style-381-frameImage style-local-37-c25-frameImage\"><\/div>\n                    <\/div>\n                  <\/div>\n                <\/div>\n              <\/div>\n            <\/div>\n          <\/div>\n          <div class=\"h-column h-column-container d-flex h-col-lg-3 h-col-md-6 h-col-12 style-382-outer style-local-37-c26-outer\">\n            <div data-colibri-id=\"37-c26\" class=\"d-flex h-flex-basis h-column__inner h-px-lg-2 h-px-md-2 h-px-2 v-inner-lg-2 v-inner-md-2 v-inner-2 style-382 style-local-37-c26 position-relative\">\n              <!---->\n              <!---->\n              <div class=\"w-100 h-y-container h-column__content h-column__v-align flex-basis-100 align-self-lg-start align-self-md-start align-self-start\">\n                <!---->\n                <div data-colibri-id=\"37-c27\" class=\"d-block style-383 style-local-37-c27 position-relative h-element\">\n                  <!---->\n                  <div class=\"h-image__frame-container-outer\">\n                    <div class=\"h-image__frame-container\">\n                      <!---->\n                      <!---->\n                      <img loading=\"lazy\" decoding=\"async\" width=\"600\" height=\"240\" src=\"http:\/\/main-telefon.de\/wp-content\/uploads\/2020\/10\/cropped-Otelo2-1.png\" class=\"wp-image-433 style-383-image style-local-37-c27-image\" alt=\"\" srcset=\"https:\/\/main-telefon.de\/wp-content\/uploads\/2020\/10\/cropped-Otelo2-1.png 600w, https:\/\/main-telefon.de\/wp-content\/uploads\/2020\/10\/cropped-Otelo2-1-300x120.png 300w\" sizes=\"auto, (max-width: 600px) 100vw, 600px\" \/>\n                      <div class=\"h-image__frame h-hide-lg h-hide-md h-hide-sm style-383-frameImage style-local-37-c27-frameImage\"><\/div>\n                    <\/div>\n                  <\/div>\n                <\/div>\n              <\/div>\n            <\/div>\n          <\/div>\n          <div class=\"h-column h-column-container d-flex h-col-lg-3 h-col-md-6 h-col-12 style-384-outer style-local-37-c28-outer\">\n            <div data-colibri-id=\"37-c28\" class=\"d-flex h-flex-basis h-column__inner h-px-lg-2 h-px-md-2 h-px-2 v-inner-lg-2 v-inner-md-2 v-inner-2 style-384 style-local-37-c28 position-relative\">\n              <!---->\n              <!---->\n              <div class=\"w-100 h-y-container h-column__content h-column__v-align flex-basis-100 align-self-lg-start align-self-md-start align-self-start\">\n                <!---->\n                <div data-colibri-id=\"37-c29\" class=\"d-block style-385 style-local-37-c29 position-relative h-element\">\n                  <!---->\n                  <div class=\"h-image__frame-container-outer\">\n                    <div class=\"h-image__frame-container\">\n                      <!---->\n                      <!---->\n                      <img loading=\"lazy\" decoding=\"async\" width=\"411\" height=\"137\" src=\"http:\/\/main-telefon.de\/wp-content\/uploads\/2022\/04\/cropped-cropped-cropped-cropped-cropped-cropped-cropped-cropped-image001.png\" class=\"wp-image-434 style-385-image style-local-37-c29-image\" alt=\"\" srcset=\"https:\/\/main-telefon.de\/wp-content\/uploads\/2022\/04\/cropped-cropped-cropped-cropped-cropped-cropped-cropped-cropped-image001.png 411w, https:\/\/main-telefon.de\/wp-content\/uploads\/2022\/04\/cropped-cropped-cropped-cropped-cropped-cropped-cropped-cropped-image001-300x100.png 300w\" sizes=\"auto, (max-width: 411px) 100vw, 411px\" \/>\n                      <div class=\"h-image__frame h-hide-lg h-hide-md h-hide-sm style-385-frameImage style-local-37-c29-frameImage\"><\/div>\n                    <\/div>\n                  <\/div>\n                <\/div>\n              <\/div>\n            <\/div>\n          <\/div>\n        <\/div>\n      <\/div>\n    <\/div>\n  <\/div>\n  <div data-colibri-component=\"section\" data-colibri-id=\"37-c33\" id=\"custom-3\" class=\"h-section h-section-global-spacing d-flex align-items-lg-center align-items-md-center align-items-center style-265 style-local-37-c33 position-relative\">\n    <!---->\n    <!---->\n    <div class=\"h-section-grid-container h-section-boxed-container\">\n      <!---->\n      <div data-colibri-id=\"37-c34\" class=\"h-row-container gutters-row-lg-2 gutters-row-md-2 gutters-row-0 gutters-row-v-lg-2 gutters-row-v-md-2 gutters-row-v-2 style-266 style-local-37-c34 position-relative\">\n        <!---->\n        <div class=\"h-row justify-content-lg-center justify-content-md-center justify-content-center align-items-lg-stretch align-items-md-stretch align-items-stretch gutters-col-lg-2 gutters-col-md-2 gutters-col-0 gutters-col-v-lg-2 gutters-col-v-md-2 gutters-col-v-2\">\n          <!---->\n          <div class=\"h-column h-column-container d-flex h-col-lg-auto h-col-md-auto h-col-auto style-267-outer style-local-37-c35-outer\">\n            <div data-colibri-id=\"37-c35\" class=\"d-flex h-flex-basis h-column__inner h-px-lg-2 h-px-md-2 h-px-2 v-inner-lg-2 v-inner-md-2 v-inner-2 style-267 style-local-37-c35 position-relative\">\n              <!---->\n              <!---->\n              <div class=\"w-100 h-y-container h-column__content h-column__v-align flex-basis-100 align-self-lg-start align-self-md-start align-self-start\">\n                <!---->\n                <div data-colibri-id=\"37-c36\" class=\"h-text h-text-component style-268 style-local-37-c36 position-relative h-element\">\n                  <!---->\n                  <!---->\n                  <div class=\"\">\n                    <p>Am besten schaust du bei uns in der Filiale vorbei und erh\u00e4lst ein unverbindliches Angebot inklusive Beratung.<\/p>\n                  <\/div>\n                <\/div>\n              <\/div>\n            <\/div>\n          <\/div>\n        <\/div>\n      <\/div>\n    <\/div>\n  <\/div>\n<\/div>","protected":false},"excerpt":{"rendered":"<p>Mobilfunk Als station\u00e4rer Fachhandel arbeiten wir Netzbetreiber unabh\u00e4ngig und helfen dir den f\u00fcr deinen Bedarf besten Tarif zu finden. Internet Zuhause ADSL, VDSL, Kabel, WIFI, wir sortieren die vielen Begriffe f\u00fcr dich und helfen dir bei der Auswahl des richtigen Anbieter. Jetzt NEU -&gt; FTTH (Glasfaser in das Geb\u00e4ude) Ausbau geplant in Kitzingen. Smartphone Reparatur [&hellip;]<\/p>\n","protected":false},"author":1,"featured_media":0,"parent":0,"menu_order":0,"comment_status":"closed","ping_status":"closed","template":"page-templates\/homepage.php","meta":{"footnotes":""},"class_list":["post-37","page","type-page","status-publish","hentry"],"_links":{"self":[{"href":"https:\/\/main-telefon.de\/index.php?rest_route=\/wp\/v2\/pages\/37","targetHints":{"allow":["GET"]}}],"collection":[{"href":"https:\/\/main-telefon.de\/index.php?rest_route=\/wp\/v2\/pages"}],"about":[{"href":"https:\/\/main-telefon.de\/index.php?rest_route=\/wp\/v2\/types\/page"}],"author":[{"embeddable":true,"href":"https:\/\/main-telefon.de\/index.php?rest_route=\/wp\/v2\/users\/1"}],"replies":[{"embeddable":true,"href":"https:\/\/main-telefon.de\/index.php?rest_route=%2Fwp%2Fv2%2Fcomments&post=37"}],"version-history":[{"count":20,"href":"https:\/\/main-telefon.de\/index.php?rest_route=\/wp\/v2\/pages\/37\/revisions"}],"predecessor-version":[{"id":793,"href":"https:\/\/main-telefon.de\/index.php?rest_route=\/wp\/v2\/pages\/37\/revisions\/793"}],"wp:attachment":[{"href":"https:\/\/main-telefon.de\/index.php?rest_route=%2Fwp%2Fv2%2Fmedia&parent=37"}],"curies":[{"name":"wp","href":"https:\/\/api.w.org\/{rel}","templated":true}]}}